{"id":1581,"date":"2018-02-01T10:26:40","date_gmt":"2018-02-01T07:26:40","guid":{"rendered":"https:\/\/venetsanos.gr\/?page_id=1581"},"modified":"2018-02-08T14:13:34","modified_gmt":"2018-02-08T11:13:34","slug":"works","status":"publish","type":"page","link":"https:\/\/venetsanos.gr\/de\/works\/","title":{"rendered":"Musikalische Werke"},"content":{"rendered":"<p><\/p>\n<p>1) <strong>Gebet<\/strong> ( kleines Oratorium)<\/p>\n<p>2) <strong>Fantasie <\/strong>in acht \u2013 Tonnen<\/p>\n<p>3) <strong>Vergessen<\/strong> heit Dichtung von Lorenzos Mavilis (F\u00fcr Tenor und kleine Ensembles)<\/p>\n<p>4) <strong>Drei kleine St\u00fccke<\/strong> f\u00fcr Klavier<\/p>\n<p>5) <strong>Streicher Quartett<\/strong> No 1<\/p>\n<p>6) <strong>Sextet<\/strong> fur Clarinet, Violin, Violoncello, C.basso, Schlagzeug, und klavier.<\/p>\n<p>7) <strong>Quartet <\/strong>fur Klarinette , Violin, Violoncello und Clavier.<\/p>\n<p>8) <strong>Symphony<\/strong> No 1NL:<\/p>\n<p>9) <strong>Duett<\/strong> f\u00fcr Euphonium und Klavier.<\/p>\n<p>10) <strong>Konzert<\/strong> f\u00fcr Schlagzeug und kleine Ensembles.<\/p>\n<p>11) <strong>12 Variationen<\/strong> eines Themas f\u00fcr Holzblaser Quintett.<\/p>\n<p>12) <strong>Agianapa B<\/strong> f\u00fcr Chor a capella Dichtung von G:Sepheris.<\/p>\n<p>13) <strong>Variationen \u00fcber ein Thema<\/strong> von Dimitris Dragatakis.<\/p>\n<p>14) <strong>Zur Erinnerung<\/strong> (Funebre Marcia f\u00fcr Blaskapelle)<\/p>\n<p>15) <strong>Unterhaltung mit Milto Schachturi<\/strong> f\u00fcr Mezzo Soprano , Fl\u00f6te , Klarinette, Streichquartett und Klavier.<\/p>\n<p>16) <strong>Lament <\/strong>( f\u00fcr solo Tuba ) Zur Erinnerung der gro\u00dfer Tuba-Solist G. Souganelis.<\/p>\n<p>17) <strong>Beschreibung<\/strong> f\u00fcr Cello und Klavier.<\/p>\n<p>18) <strong>Schatten<\/strong> f\u00fcr Saxophon Quartett.<\/p>\n<p>19) <strong>Sagini<\/strong>f\u00fcr Sinfonieorchester.(2015)<\/p>\n<p>20) <strong>Laugh and tear<\/strong>. Songs collection. Songs are written on Poetry of Greek Poets. Work for Baritone voice, Oboe, Clarinet, Violoncello, double Bass and Piano. (1994 &#8211; today)<\/p>\n<p>21) <strong>Imeros<\/strong>. For piano (2022-2023).<\/p>\n<p><span id=\"g1-frame-counter-3\" class=\"g1-frame g1-type-classic-brown alignmiddle new-window\">\n\t<span class=\"g1-decorator\">\n\t\t<span class=\"g1-outer\">\n\t\t\t<span class=\"g1-inner\">\n\t\t\t\t<img loading=\"lazy\" decoding=\"async\" class=\"aligncenter\" src=\"https:\/\/venetsanos.gr\/wp-content\/uploads\/2018\/02\/img050-3.jpg\" alt=\"\" width=\"1200\" height=\"150\" \/>\n\t\t\t\t<span class=\"g1-indicator g1-type-new-window\"><span><\/span><span><\/span><\/span>\n\t\t\t<\/span>\t\t\t<span class=\"g1-01\"><\/span><span class=\"g1-02\"><\/span><span class=\"g1-03\"><\/span><span class=\"g1-04\"><\/span><span class=\"g1-05\"><\/span><span class=\"g1-06\"><\/span><span class=\"g1-07\"><\/span><span class=\"g1-08\"><\/span>\n\t\t<\/span>\n\t<\/span>\n<\/span><\/p>","protected":false},"excerpt":{"rendered":"<p>1) Gebet ( kleines Oratorium) 2) Fantasie in acht \u2013 Tonnen 3) Vergessen heit Dichtung von Lorenzos Mavilis (F\u00fcr Tenor und kleine Ensembles) 4) Drei kleine St\u00fccke f\u00fcr Klavier 5) Streicher Quartett No 1 6) Sextet fur Clarinet, Violin, Violoncello, C.basso, Schlagzeug, und klavier. 7) Quartet fur Klarinette , Violin, Violoncello und Clavier. 8) Symphony [&hellip;]<\/p>\n","protected":false},"author":1,"featured_media":0,"parent":0,"menu_order":0,"comment_status":"closed","ping_status":"closed","template":"","meta":{"footnotes":""},"class_list":["post-1581","page","type-page","status-publish","hentry"],"yoast_head":"<!-- This site is optimized with the Yoast SEO plugin v25.6 - https:\/\/yoast.com\/wordpress\/plugins\/seo\/ -->\n<title>Musikalische Werke - George Venetsanos - Greek Composer - Greek Contemporary Music<\/title>\n<meta name=\"robots\" content=\"index, follow, max-snippet:-1, max-image-preview:large, max-video-preview:-1\" \/>\n<link rel=\"canonical\" href=\"https:\/\/venetsanos.gr\/el\/works\/\" \/>\n<meta property=\"og:locale\" content=\"de_DE\" \/>\n<meta property=\"og:type\" content=\"article\" \/>\n<meta property=\"og:title\" content=\"Musikalische Werke - George Venetsanos - Greek Composer - Greek Contemporary Music\" \/>\n<meta property=\"og:description\" content=\"1) Gebet ( kleines Oratorium) 2) Fantasie in acht \u2013 Tonnen 3) Vergessen heit Dichtung von Lorenzos Mavilis (F\u00fcr Tenor und kleine Ensembles) 4) Drei kleine St\u00fccke f\u00fcr Klavier 5) Streicher Quartett No 1 6) Sextet fur Clarinet, Violin, Violoncello, C.basso, Schlagzeug, und klavier. 7) Quartet fur Klarinette , Violin, Violoncello und Clavier. 8) Symphony [&hellip;]\" \/>\n<meta property=\"og:url\" content=\"https:\/\/venetsanos.gr\/el\/works\/\" \/>\n<meta property=\"og:site_name\" content=\"George Venetsanos - Greek Composer - Greek Contemporary Music\" \/>\n<meta property=\"article:modified_time\" content=\"2018-02-08T11:13:34+00:00\" \/>\n<meta property=\"og:image\" content=\"https:\/\/venetsanos.gr\/wp-content\/uploads\/2018\/02\/img050-3.jpg\" \/>\n<meta name=\"twitter:card\" content=\"summary_large_image\" \/>\n<meta name=\"twitter:label1\" content=\"Gesch\u00e4tzte Lesezeit\" \/>\n\t<meta name=\"twitter:data1\" content=\"4 Minuten\" \/>\n<script type=\"application\/ld+json\" class=\"yoast-schema-graph\">{\"@context\":\"https:\/\/schema.org\",\"@graph\":[{\"@type\":\"WebPage\",\"@id\":\"https:\/\/venetsanos.gr\/el\/works\/\",\"url\":\"https:\/\/venetsanos.gr\/el\/works\/\",\"name\":\"Musikalische Werke - George Venetsanos - Greek Composer - Greek Contemporary Music\",\"isPartOf\":{\"@id\":\"https:\/\/venetsanos.gr\/el\/#website\"},\"primaryImageOfPage\":{\"@id\":\"https:\/\/venetsanos.gr\/el\/works\/#primaryimage\"},\"image\":{\"@id\":\"https:\/\/venetsanos.gr\/el\/works\/#primaryimage\"},\"thumbnailUrl\":\"https:\/\/venetsanos.gr\/wp-content\/uploads\/2018\/02\/img050-3.jpg\",\"datePublished\":\"2018-02-01T07:26:40+00:00\",\"dateModified\":\"2018-02-08T11:13:34+00:00\",\"breadcrumb\":{\"@id\":\"https:\/\/venetsanos.gr\/el\/works\/#breadcrumb\"},\"inLanguage\":\"de-DE\",\"potentialAction\":[{\"@type\":\"ReadAction\",\"target\":[\"https:\/\/venetsanos.gr\/el\/works\/\"]}]},{\"@type\":\"ImageObject\",\"inLanguage\":\"de-DE\",\"@id\":\"https:\/\/venetsanos.gr\/el\/works\/#primaryimage\",\"url\":\"https:\/\/venetsanos.gr\/wp-content\/uploads\/2018\/02\/img050-3.jpg\",\"contentUrl\":\"https:\/\/venetsanos.gr\/wp-content\/uploads\/2018\/02\/img050-3.jpg\"},{\"@type\":\"BreadcrumbList\",\"@id\":\"https:\/\/venetsanos.gr\/el\/works\/#breadcrumb\",\"itemListElement\":[{\"@type\":\"ListItem\",\"position\":1,\"name\":\"Home\",\"item\":\"https:\/\/venetsanos.gr\/el\/\"},{\"@type\":\"ListItem\",\"position\":2,\"name\":\"\u0388\u03c1\u03b3\u03b1\"}]},{\"@type\":\"WebSite\",\"@id\":\"https:\/\/venetsanos.gr\/el\/#website\",\"url\":\"https:\/\/venetsanos.gr\/el\/\",\"name\":\"George Venetsanos - Greek Composer - Greek Contemporary Music\",\"description\":\"George Venetsanos - Greek Composer - Greek Contemporary Music\",\"potentialAction\":[{\"@type\":\"SearchAction\",\"target\":{\"@type\":\"EntryPoint\",\"urlTemplate\":\"https:\/\/venetsanos.gr\/el\/?s={search_term_string}\"},\"query-input\":{\"@type\":\"PropertyValueSpecification\",\"valueRequired\":true,\"valueName\":\"search_term_string\"}}],\"inLanguage\":\"de-DE\"}]}<\/script>\n<!-- \/ Yoast SEO plugin. -->","yoast_head_json":{"title":"Musikalische Werke - George Venetsanos - Greek Composer - Greek Contemporary Music","robots":{"index":"index","follow":"follow","max-snippet":"max-snippet:-1","max-image-preview":"max-image-preview:large","max-video-preview":"max-video-preview:-1"},"canonical":"https:\/\/venetsanos.gr\/el\/works\/","og_locale":"de_DE","og_type":"article","og_title":"Musikalische Werke - George Venetsanos - Greek Composer - Greek Contemporary Music","og_description":"1) Gebet ( kleines Oratorium) 2) Fantasie in acht \u2013 Tonnen 3) Vergessen heit Dichtung von Lorenzos Mavilis (F\u00fcr Tenor und kleine Ensembles) 4) Drei kleine St\u00fccke f\u00fcr Klavier 5) Streicher Quartett No 1 6) Sextet fur Clarinet, Violin, Violoncello, C.basso, Schlagzeug, und klavier. 7) Quartet fur Klarinette , Violin, Violoncello und Clavier. 8) Symphony [&hellip;]","og_url":"https:\/\/venetsanos.gr\/el\/works\/","og_site_name":"George Venetsanos - Greek Composer - Greek Contemporary Music","article_modified_time":"2018-02-08T11:13:34+00:00","og_image":[{"url":"https:\/\/venetsanos.gr\/wp-content\/uploads\/2018\/02\/img050-3.jpg","type":"","width":"","height":""}],"twitter_card":"summary_large_image","twitter_misc":{"Gesch\u00e4tzte Lesezeit":"4 Minuten"},"schema":{"@context":"https:\/\/schema.org","@graph":[{"@type":"WebPage","@id":"https:\/\/venetsanos.gr\/el\/works\/","url":"https:\/\/venetsanos.gr\/el\/works\/","name":"Musikalische Werke - George Venetsanos - Greek Composer - Greek Contemporary Music","isPartOf":{"@id":"https:\/\/venetsanos.gr\/el\/#website"},"primaryImageOfPage":{"@id":"https:\/\/venetsanos.gr\/el\/works\/#primaryimage"},"image":{"@id":"https:\/\/venetsanos.gr\/el\/works\/#primaryimage"},"thumbnailUrl":"https:\/\/venetsanos.gr\/wp-content\/uploads\/2018\/02\/img050-3.jpg","datePublished":"2018-02-01T07:26:40+00:00","dateModified":"2018-02-08T11:13:34+00:00","breadcrumb":{"@id":"https:\/\/venetsanos.gr\/el\/works\/#breadcrumb"},"inLanguage":"de-DE","potentialAction":[{"@type":"ReadAction","target":["https:\/\/venetsanos.gr\/el\/works\/"]}]},{"@type":"ImageObject","inLanguage":"de-DE","@id":"https:\/\/venetsanos.gr\/el\/works\/#primaryimage","url":"https:\/\/venetsanos.gr\/wp-content\/uploads\/2018\/02\/img050-3.jpg","contentUrl":"https:\/\/venetsanos.gr\/wp-content\/uploads\/2018\/02\/img050-3.jpg"},{"@type":"BreadcrumbList","@id":"https:\/\/venetsanos.gr\/el\/works\/#breadcrumb","itemListElement":[{"@type":"ListItem","position":1,"name":"Home","item":"https:\/\/venetsanos.gr\/el\/"},{"@type":"ListItem","position":2,"name":"\u0388\u03c1\u03b3\u03b1"}]},{"@type":"WebSite","@id":"https:\/\/venetsanos.gr\/el\/#website","url":"https:\/\/venetsanos.gr\/el\/","name":"George Venetsanos - Greek Composer - Greek Contemporary Music","description":"George Venetsanos - Greek Composer - Greek Contemporary Music","potentialAction":[{"@type":"SearchAction","target":{"@type":"EntryPoint","urlTemplate":"https:\/\/venetsanos.gr\/el\/?s={search_term_string}"},"query-input":{"@type":"PropertyValueSpecification","valueRequired":true,"valueName":"search_term_string"}}],"inLanguage":"de-DE"}]}},"_links":{"self":[{"href":"https:\/\/venetsanos.gr\/de\/wp-json\/wp\/v2\/pages\/1581"}],"collection":[{"href":"https:\/\/venetsanos.gr\/de\/wp-json\/wp\/v2\/pages"}],"about":[{"href":"https:\/\/venetsanos.gr\/de\/wp-json\/wp\/v2\/types\/page"}],"author":[{"embeddable":true,"href":"https:\/\/venetsanos.gr\/de\/wp-json\/wp\/v2\/users\/1"}],"replies":[{"embeddable":true,"href":"https:\/\/venetsanos.gr\/de\/wp-json\/wp\/v2\/comments?post=1581"}],"version-history":[{"count":6,"href":"https:\/\/venetsanos.gr\/de\/wp-json\/wp\/v2\/pages\/1581\/revisions"}],"predecessor-version":[{"id":1802,"href":"https:\/\/venetsanos.gr\/de\/wp-json\/wp\/v2\/pages\/1581\/revisions\/1802"}],"wp:attachment":[{"href":"https:\/\/venetsanos.gr\/de\/wp-json\/wp\/v2\/media?parent=1581"}],"curies":[{"name":"wp","href":"https:\/\/api.w.org\/{rel}","templated":true}]}}