{"id":76,"date":"2012-01-03T09:03:40","date_gmt":"2012-01-03T09:03:40","guid":{"rendered":"http:\/\/flare.localhost\/?page_id=76"},"modified":"2019-06-02T20:33:24","modified_gmt":"2019-06-02T17:33:24","slug":"homepage","status":"publish","type":"page","link":"https:\/\/venetsanos.gr\/de\/","title":{"rendered":"Homepage"},"content":{"rendered":"<p><\/p>\n<div style=\"text-align: center;\"><hgroup id=\"g1-hgroup-counter-3\" class=\"g1-hgroup g1-type-classic\">\n<p><span style=\"color: #a27e4f;font-weight:bold;font-size:28px;\">Georg Venetsanos<\/span><\/p>\n<p>Willkommen auf der Offiziellen Website des Griech\u03b9schen  Componisten<br \/>\n<div id=\"g1-divider-counter-3\" class=\"g1-divider g1-type-classic-1\"><\/div><\/p>\n<h5 class=\"g1-important\">B I O G R A F I E<\/h5>\n<span id=\"g1-space-counter-3\" class=\"g1-space\" style=\"height: 24px;\"><\/span>\n<p style=\"text-align: left;\"><span id=\"g1-frame-counter-5\" class=\"g1-frame g1-type-classic-brown alignleft new-window\">\n\t<span class=\"g1-decorator\">\n\t\t<span class=\"g1-outer\">\n\t\t\t<span class=\"g1-inner\">\n\t\t\t\t<img loading=\"lazy\" decoding=\"async\" src=\"https:\/\/venetsanos.gr\/wp-content\/uploads\/2018\/01\/pro2.jpg\" alt=\"\" width=\"244\" height=\"244\" \/>\n\t\t\t\t<span class=\"g1-indicator g1-type-new-window\"><span><\/span><span><\/span><\/span>\n\t\t\t<\/span>\t\t\t<span class=\"g1-01\"><\/span><span class=\"g1-02\"><\/span><span class=\"g1-03\"><\/span><span class=\"g1-04\"><\/span><span class=\"g1-05\"><\/span><span class=\"g1-06\"><\/span><span class=\"g1-07\"><\/span><span class=\"g1-08\"><\/span>\n\t\t<\/span>\n\t<\/span>\n<\/span> Der Komponist Georg Venetsanos wurde im Jahr 1966 geboren.<\/p>\n<p style=\"text-align: left;\">Schon mit jungen Jahren beginnt er sich mit der Musik zu besch\u00e4ftigen. Am Anfang singend und sp\u00e4ter mit Schlagzeug. So macht er seine ersten Schritten als Drummer in der Zeit der blute der Rockb\u00e4nder und sp\u00e4ter in alle Musikalischen Spektrums. Gleichzeitig studiert er Musiktheorie mit Kostas Klavas in zentralen Odeum, Kontrapunkt, Fuge und Instrumentierung neben Nikiforos Nevrakis in <a href=\"http:\/\/en.wikipedia.org\/wiki\/National_Conservatoire_(Greece)\">National Odeum von Athen<\/a>.<\/p>\n<p style=\"text-align: left;\">Sehr wichtige Rolle in seinem Studium hat seine Lehrzeit neben <a href=\"http:\/\/en.wikipedia.org\/wiki\/Theodore_Antoniou\">Theodoros Antoniou<\/a> gespielt mit dem er Komposition gelernt hat.<\/p>\n<p style=\"text-align: left;\">Auch ein Komposition Meisterklasse neben den Komponist <a href=\"http:\/\/en.wikipedia.org\/wiki\/Gunther_Schuller\">Gunter Schuller<\/a> war ganz wichtig und hatte gro\u00dfe Rolle bei seine Ausbildung gespielt.<\/p>\n<p style=\"text-align: left;\">Seine Kompositionen enthalten alle Musiksorten: Kompositionen f\u00fcr Orchester, Kammer-Musik, Musik f\u00fcr solo Instrumente, Kirchen-Musik, Theater-Musik, Musik f\u00fcr Cinema und Lieder.<\/p>\n<p style=\"text-align: left;\">Seine Kompositionen sind von ber\u00fchmten Musikensembles in ganzem Griechenland gespielt.<\/p>\n<p style=\"text-align: left;\">Als Arrangeur hat er viele Instrumentierungen f\u00fcr Griechische Musikensembles wie National-Orchester Griechischer Musik, Athener Philharmonie und andere kleine und gro\u00dfe Musikensembles gemacht und alle Sorten von Musik.<\/p>\n<p style=\"text-align: left;\">Er hat auch die Orchestra von <a href=\"http:\/\/en.wikipedia.org\/wiki\/Thessaloniki_Song_Festival\">Griechisches-Musik Festival in Thessaloniki<\/a>, instrumentiert und dirigiert, wo er auch im Jahr 1995 als Komponist sich ausgezeichnet hatte.<\/p>\n<p style=\"text-align: left;\">Er ist Mitglied und Arrangeur seit 1993 der Athens Philharmonie.<\/p>\n<p style=\"text-align: left;\">Als Erzieher und Lehrer von Musiktheorie, Kontrapunkt, und Fuge hat er gro\u00dfe Erfahrung. Jetzt lehrt er in Alpha Odeum in Cholargos und in st\u00e4dischen Odeum Petroupoli  <a href=\"http:\/\/dodeiop.blogspot.gr\/\" target=\"_blank\">dodeiop.blogspot.gr<\/a>.<\/p>\n<p style=\"text-align: left;\">Er ist Ordentliches Mitglied von <a href=\"http:\/\/www.eem.org.gr\/default.asp\">Griechischen Komponisten Union<\/a>.<\/p>\n<\/hgroup><br \/>\n<span id=\"g1-frame-counter-6\" class=\"g1-frame g1-type-classic-brown alignmiddle new-window\">\n\t<span class=\"g1-decorator\">\n\t\t<span class=\"g1-outer\">\n\t\t\t<span class=\"g1-inner\">\n\t\t\t\t<img loading=\"lazy\" decoding=\"async\" class=\"aligncenter\" src=\"https:\/\/venetsanos.gr\/wp-content\/uploads\/2018\/02\/img050-3.jpg\" alt=\"\" width=\"1200\" height=\"150\" \/>\n\t\t\t\t<span class=\"g1-indicator g1-type-new-window\"><span><\/span><span><\/span><\/span>\n\t\t\t<\/span>\t\t\t<span class=\"g1-01\"><\/span><span class=\"g1-02\"><\/span><span class=\"g1-03\"><\/span><span class=\"g1-04\"><\/span><span class=\"g1-05\"><\/span><span class=\"g1-06\"><\/span><span class=\"g1-07\"><\/span><span class=\"g1-08\"><\/span>\n\t\t<\/span>\n\t<\/span>\n<\/span>\n<\/div>\n<p><\/p>","protected":false},"excerpt":{"rendered":"","protected":false},"author":1,"featured_media":0,"parent":0,"menu_order":0,"comment_status":"closed","ping_status":"closed","template":"g1_template_page_full.php","meta":{"footnotes":""},"class_list":["post-76","page","type-page","status-publish","hentry"],"yoast_head":"<!-- This site is optimized with the Yoast SEO plugin v25.6 - https:\/\/yoast.com\/wordpress\/plugins\/seo\/ -->\n<title>\u0393\u03b9\u03ce\u03c1\u03b3\u03bf\u03c2 \u0392\u03b5\u03bd\u03b5\u03c4\u03c3\u03ac\u03bd\u03bf\u03c2 \u03b5\u03c0\u03af\u03c3\u03b7\u03bc\u03b7 \u03b9\u03c3\u03c4\u03bf\u03c3\u03b5\u03bb\u03af\u03b4\u03b1 \u03c4\u03bf\u03c5 \u0388\u03bb\u03bb\u03b7\u03bd\u03b1 \u03c3\u03c5\u03bd\u03b8\u03ad\u03c4\u03b7<\/title>\n<meta name=\"description\" content=\"\u039f \u03c3\u03c5\u03bd\u03b8\u03ad\u03c4\u03b7\u03c2 \u0393\u03b9\u03ce\u03c1\u03b3\u03bf\u03c2 \u0392\u03b5\u03bd\u03b5\u03c4\u03c3\u03ac\u03bd\u03bf\u03c2 \u03b5\u03c7\u03b5\u03b9 \u03c3\u03c5\u03bd\u03b8\u03ad\u03c3\u03b5\u03b9 \u03b3\u03b9\u03b1 \u03bf\u03c1\u03c7\u03ae\u03c3\u03c4\u03c1\u03b1, \u03bc\u03bf\u03c5\u03c3\u03b9\u03ba\u03ae \u03b4\u03c9\u03bc\u03b1\u03c4\u03af\u03bf\u03c5, \u03b3\u03b9\u03b1 \u03c3\u03cc\u03bb\u03bf \u03cc\u03c1\u03b3\u03b1\u03bd\u03b1, \u03b8\u03c1\u03b7\u03c3\u03ba\u03b5\u03c5\u03c4\u03b9\u03ba\u03ae, \u03b8\u03b5\u03b1\u03c4\u03c1\u03b9\u03ba\u03ae \u03ba\u03b1\u03b9 \u03ba\u03b9\u03bd\u03b7\u03bc\u03b1\u03c4\u03bf\u03b3\u03c1\u03b1\u03c6\u03b9\u03ba\u03ae \u03bc\u03bf\u03c5\u03c3\u03b9\u03ba\u03ae, \u03c4\u03c1\u03b1\u03b3\u03bf\u03cd\u03b4\u03b9\u03b1.\" \/>\n<meta name=\"robots\" content=\"index, follow, max-snippet:-1, max-image-preview:large, max-video-preview:-1\" \/>\n<link rel=\"canonical\" href=\"https:\/\/venetsanos.gr\/el\/\" \/>\n<meta property=\"og:locale\" content=\"de_DE\" \/>\n<meta property=\"og:type\" content=\"article\" \/>\n<meta property=\"og:title\" content=\"\u0393\u03b9\u03ce\u03c1\u03b3\u03bf\u03c2 \u0392\u03b5\u03bd\u03b5\u03c4\u03c3\u03ac\u03bd\u03bf\u03c2 \u03b5\u03c0\u03af\u03c3\u03b7\u03bc\u03b7 \u03b9\u03c3\u03c4\u03bf\u03c3\u03b5\u03bb\u03af\u03b4\u03b1 \u03c4\u03bf\u03c5 \u0388\u03bb\u03bb\u03b7\u03bd\u03b1 \u03c3\u03c5\u03bd\u03b8\u03ad\u03c4\u03b7\" \/>\n<meta property=\"og:description\" content=\"\u039f \u03c3\u03c5\u03bd\u03b8\u03ad\u03c4\u03b7\u03c2 \u0393\u03b9\u03ce\u03c1\u03b3\u03bf\u03c2 \u0392\u03b5\u03bd\u03b5\u03c4\u03c3\u03ac\u03bd\u03bf\u03c2 \u03b5\u03c7\u03b5\u03b9 \u03c3\u03c5\u03bd\u03b8\u03ad\u03c3\u03b5\u03b9 \u03b3\u03b9\u03b1 \u03bf\u03c1\u03c7\u03ae\u03c3\u03c4\u03c1\u03b1, \u03bc\u03bf\u03c5\u03c3\u03b9\u03ba\u03ae \u03b4\u03c9\u03bc\u03b1\u03c4\u03af\u03bf\u03c5, \u03b3\u03b9\u03b1 \u03c3\u03cc\u03bb\u03bf \u03cc\u03c1\u03b3\u03b1\u03bd\u03b1, \u03b8\u03c1\u03b7\u03c3\u03ba\u03b5\u03c5\u03c4\u03b9\u03ba\u03ae, \u03b8\u03b5\u03b1\u03c4\u03c1\u03b9\u03ba\u03ae \u03ba\u03b1\u03b9 \u03ba\u03b9\u03bd\u03b7\u03bc\u03b1\u03c4\u03bf\u03b3\u03c1\u03b1\u03c6\u03b9\u03ba\u03ae \u03bc\u03bf\u03c5\u03c3\u03b9\u03ba\u03ae, \u03c4\u03c1\u03b1\u03b3\u03bf\u03cd\u03b4\u03b9\u03b1.\" \/>\n<meta property=\"og:url\" content=\"https:\/\/venetsanos.gr\/el\/\" \/>\n<meta property=\"og:site_name\" content=\"George Venetsanos - Greek Composer - Greek Contemporary Music\" \/>\n<meta property=\"article:modified_time\" content=\"2019-06-02T17:33:24+00:00\" \/>\n<meta property=\"og:image\" content=\"https:\/\/venetsanos.gr\/wp-content\/uploads\/2018\/01\/pro2.jpg\" \/>\n<meta name=\"twitter:card\" content=\"summary_large_image\" \/>\n<meta name=\"twitter:label1\" content=\"Gesch\u00e4tzte Lesezeit\" \/>\n\t<meta name=\"twitter:data1\" content=\"5 Minuten\" \/>\n<script type=\"application\/ld+json\" class=\"yoast-schema-graph\">{\"@context\":\"https:\/\/schema.org\",\"@graph\":[{\"@type\":\"WebPage\",\"@id\":\"https:\/\/venetsanos.gr\/el\/\",\"url\":\"https:\/\/venetsanos.gr\/el\/\",\"name\":\"\u0393\u03b9\u03ce\u03c1\u03b3\u03bf\u03c2 \u0392\u03b5\u03bd\u03b5\u03c4\u03c3\u03ac\u03bd\u03bf\u03c2 \u03b5\u03c0\u03af\u03c3\u03b7\u03bc\u03b7 \u03b9\u03c3\u03c4\u03bf\u03c3\u03b5\u03bb\u03af\u03b4\u03b1 \u03c4\u03bf\u03c5 \u0388\u03bb\u03bb\u03b7\u03bd\u03b1 \u03c3\u03c5\u03bd\u03b8\u03ad\u03c4\u03b7\",\"isPartOf\":{\"@id\":\"https:\/\/venetsanos.gr\/el\/#website\"},\"primaryImageOfPage\":{\"@id\":\"https:\/\/venetsanos.gr\/el\/#primaryimage\"},\"image\":{\"@id\":\"https:\/\/venetsanos.gr\/el\/#primaryimage\"},\"thumbnailUrl\":\"https:\/\/venetsanos.gr\/wp-content\/uploads\/2018\/01\/pro2.jpg\",\"datePublished\":\"2012-01-03T09:03:40+00:00\",\"dateModified\":\"2019-06-02T17:33:24+00:00\",\"description\":\"\u039f \u03c3\u03c5\u03bd\u03b8\u03ad\u03c4\u03b7\u03c2 \u0393\u03b9\u03ce\u03c1\u03b3\u03bf\u03c2 \u0392\u03b5\u03bd\u03b5\u03c4\u03c3\u03ac\u03bd\u03bf\u03c2 \u03b5\u03c7\u03b5\u03b9 \u03c3\u03c5\u03bd\u03b8\u03ad\u03c3\u03b5\u03b9 \u03b3\u03b9\u03b1 \u03bf\u03c1\u03c7\u03ae\u03c3\u03c4\u03c1\u03b1, \u03bc\u03bf\u03c5\u03c3\u03b9\u03ba\u03ae \u03b4\u03c9\u03bc\u03b1\u03c4\u03af\u03bf\u03c5, \u03b3\u03b9\u03b1 \u03c3\u03cc\u03bb\u03bf \u03cc\u03c1\u03b3\u03b1\u03bd\u03b1, \u03b8\u03c1\u03b7\u03c3\u03ba\u03b5\u03c5\u03c4\u03b9\u03ba\u03ae, \u03b8\u03b5\u03b1\u03c4\u03c1\u03b9\u03ba\u03ae \u03ba\u03b1\u03b9 \u03ba\u03b9\u03bd\u03b7\u03bc\u03b1\u03c4\u03bf\u03b3\u03c1\u03b1\u03c6\u03b9\u03ba\u03ae \u03bc\u03bf\u03c5\u03c3\u03b9\u03ba\u03ae, \u03c4\u03c1\u03b1\u03b3\u03bf\u03cd\u03b4\u03b9\u03b1.\",\"breadcrumb\":{\"@id\":\"https:\/\/venetsanos.gr\/el\/#breadcrumb\"},\"inLanguage\":\"de-DE\",\"potentialAction\":[{\"@type\":\"ReadAction\",\"target\":[\"https:\/\/venetsanos.gr\/el\/\"]}]},{\"@type\":\"ImageObject\",\"inLanguage\":\"de-DE\",\"@id\":\"https:\/\/venetsanos.gr\/el\/#primaryimage\",\"url\":\"https:\/\/venetsanos.gr\/wp-content\/uploads\/2018\/01\/pro2.jpg\",\"contentUrl\":\"https:\/\/venetsanos.gr\/wp-content\/uploads\/2018\/01\/pro2.jpg\"},{\"@type\":\"BreadcrumbList\",\"@id\":\"https:\/\/venetsanos.gr\/el\/#breadcrumb\",\"itemListElement\":[{\"@type\":\"ListItem\",\"position\":1,\"name\":\"Home\",\"item\":\"https:\/\/venetsanos.gr\/el\/\"},{\"@type\":\"ListItem\",\"position\":2,\"name\":\"\u0393\u03b9\u03ce\u03c1\u03b3\u03bf\u03c2 \u0392\u03b5\u03bd\u03b5\u03c4\u03c3\u03ac\u03bd\u03bf\u03c2\"}]},{\"@type\":\"WebSite\",\"@id\":\"https:\/\/venetsanos.gr\/el\/#website\",\"url\":\"https:\/\/venetsanos.gr\/el\/\",\"name\":\"George Venetsanos - Greek Composer - Greek Contemporary Music\",\"description\":\"George Venetsanos - Greek Composer - Greek Contemporary Music\",\"potentialAction\":[{\"@type\":\"SearchAction\",\"target\":{\"@type\":\"EntryPoint\",\"urlTemplate\":\"https:\/\/venetsanos.gr\/el\/?s={search_term_string}\"},\"query-input\":{\"@type\":\"PropertyValueSpecification\",\"valueRequired\":true,\"valueName\":\"search_term_string\"}}],\"inLanguage\":\"de-DE\"}]}<\/script>\n<!-- \/ Yoast SEO plugin. -->","yoast_head_json":{"title":"\u0393\u03b9\u03ce\u03c1\u03b3\u03bf\u03c2 \u0392\u03b5\u03bd\u03b5\u03c4\u03c3\u03ac\u03bd\u03bf\u03c2 \u03b5\u03c0\u03af\u03c3\u03b7\u03bc\u03b7 \u03b9\u03c3\u03c4\u03bf\u03c3\u03b5\u03bb\u03af\u03b4\u03b1 \u03c4\u03bf\u03c5 \u0388\u03bb\u03bb\u03b7\u03bd\u03b1 \u03c3\u03c5\u03bd\u03b8\u03ad\u03c4\u03b7","description":"\u039f \u03c3\u03c5\u03bd\u03b8\u03ad\u03c4\u03b7\u03c2 \u0393\u03b9\u03ce\u03c1\u03b3\u03bf\u03c2 \u0392\u03b5\u03bd\u03b5\u03c4\u03c3\u03ac\u03bd\u03bf\u03c2 \u03b5\u03c7\u03b5\u03b9 \u03c3\u03c5\u03bd\u03b8\u03ad\u03c3\u03b5\u03b9 \u03b3\u03b9\u03b1 \u03bf\u03c1\u03c7\u03ae\u03c3\u03c4\u03c1\u03b1, \u03bc\u03bf\u03c5\u03c3\u03b9\u03ba\u03ae \u03b4\u03c9\u03bc\u03b1\u03c4\u03af\u03bf\u03c5, \u03b3\u03b9\u03b1 \u03c3\u03cc\u03bb\u03bf \u03cc\u03c1\u03b3\u03b1\u03bd\u03b1, \u03b8\u03c1\u03b7\u03c3\u03ba\u03b5\u03c5\u03c4\u03b9\u03ba\u03ae, \u03b8\u03b5\u03b1\u03c4\u03c1\u03b9\u03ba\u03ae \u03ba\u03b1\u03b9 \u03ba\u03b9\u03bd\u03b7\u03bc\u03b1\u03c4\u03bf\u03b3\u03c1\u03b1\u03c6\u03b9\u03ba\u03ae \u03bc\u03bf\u03c5\u03c3\u03b9\u03ba\u03ae, \u03c4\u03c1\u03b1\u03b3\u03bf\u03cd\u03b4\u03b9\u03b1.","robots":{"index":"index","follow":"follow","max-snippet":"max-snippet:-1","max-image-preview":"max-image-preview:large","max-video-preview":"max-video-preview:-1"},"canonical":"https:\/\/venetsanos.gr\/el\/","og_locale":"de_DE","og_type":"article","og_title":"\u0393\u03b9\u03ce\u03c1\u03b3\u03bf\u03c2 \u0392\u03b5\u03bd\u03b5\u03c4\u03c3\u03ac\u03bd\u03bf\u03c2 \u03b5\u03c0\u03af\u03c3\u03b7\u03bc\u03b7 \u03b9\u03c3\u03c4\u03bf\u03c3\u03b5\u03bb\u03af\u03b4\u03b1 \u03c4\u03bf\u03c5 \u0388\u03bb\u03bb\u03b7\u03bd\u03b1 \u03c3\u03c5\u03bd\u03b8\u03ad\u03c4\u03b7","og_description":"\u039f \u03c3\u03c5\u03bd\u03b8\u03ad\u03c4\u03b7\u03c2 \u0393\u03b9\u03ce\u03c1\u03b3\u03bf\u03c2 \u0392\u03b5\u03bd\u03b5\u03c4\u03c3\u03ac\u03bd\u03bf\u03c2 \u03b5\u03c7\u03b5\u03b9 \u03c3\u03c5\u03bd\u03b8\u03ad\u03c3\u03b5\u03b9 \u03b3\u03b9\u03b1 \u03bf\u03c1\u03c7\u03ae\u03c3\u03c4\u03c1\u03b1, \u03bc\u03bf\u03c5\u03c3\u03b9\u03ba\u03ae \u03b4\u03c9\u03bc\u03b1\u03c4\u03af\u03bf\u03c5, \u03b3\u03b9\u03b1 \u03c3\u03cc\u03bb\u03bf \u03cc\u03c1\u03b3\u03b1\u03bd\u03b1, \u03b8\u03c1\u03b7\u03c3\u03ba\u03b5\u03c5\u03c4\u03b9\u03ba\u03ae, \u03b8\u03b5\u03b1\u03c4\u03c1\u03b9\u03ba\u03ae \u03ba\u03b1\u03b9 \u03ba\u03b9\u03bd\u03b7\u03bc\u03b1\u03c4\u03bf\u03b3\u03c1\u03b1\u03c6\u03b9\u03ba\u03ae \u03bc\u03bf\u03c5\u03c3\u03b9\u03ba\u03ae, \u03c4\u03c1\u03b1\u03b3\u03bf\u03cd\u03b4\u03b9\u03b1.","og_url":"https:\/\/venetsanos.gr\/el\/","og_site_name":"George Venetsanos - Greek Composer - Greek Contemporary Music","article_modified_time":"2019-06-02T17:33:24+00:00","og_image":[{"url":"https:\/\/venetsanos.gr\/wp-content\/uploads\/2018\/01\/pro2.jpg","type":"","width":"","height":""}],"twitter_card":"summary_large_image","twitter_misc":{"Gesch\u00e4tzte Lesezeit":"5 Minuten"},"schema":{"@context":"https:\/\/schema.org","@graph":[{"@type":"WebPage","@id":"https:\/\/venetsanos.gr\/el\/","url":"https:\/\/venetsanos.gr\/el\/","name":"\u0393\u03b9\u03ce\u03c1\u03b3\u03bf\u03c2 \u0392\u03b5\u03bd\u03b5\u03c4\u03c3\u03ac\u03bd\u03bf\u03c2 \u03b5\u03c0\u03af\u03c3\u03b7\u03bc\u03b7 \u03b9\u03c3\u03c4\u03bf\u03c3\u03b5\u03bb\u03af\u03b4\u03b1 \u03c4\u03bf\u03c5 \u0388\u03bb\u03bb\u03b7\u03bd\u03b1 \u03c3\u03c5\u03bd\u03b8\u03ad\u03c4\u03b7","isPartOf":{"@id":"https:\/\/venetsanos.gr\/el\/#website"},"primaryImageOfPage":{"@id":"https:\/\/venetsanos.gr\/el\/#primaryimage"},"image":{"@id":"https:\/\/venetsanos.gr\/el\/#primaryimage"},"thumbnailUrl":"https:\/\/venetsanos.gr\/wp-content\/uploads\/2018\/01\/pro2.jpg","datePublished":"2012-01-03T09:03:40+00:00","dateModified":"2019-06-02T17:33:24+00:00","description":"\u039f \u03c3\u03c5\u03bd\u03b8\u03ad\u03c4\u03b7\u03c2 \u0393\u03b9\u03ce\u03c1\u03b3\u03bf\u03c2 \u0392\u03b5\u03bd\u03b5\u03c4\u03c3\u03ac\u03bd\u03bf\u03c2 \u03b5\u03c7\u03b5\u03b9 \u03c3\u03c5\u03bd\u03b8\u03ad\u03c3\u03b5\u03b9 \u03b3\u03b9\u03b1 \u03bf\u03c1\u03c7\u03ae\u03c3\u03c4\u03c1\u03b1, \u03bc\u03bf\u03c5\u03c3\u03b9\u03ba\u03ae \u03b4\u03c9\u03bc\u03b1\u03c4\u03af\u03bf\u03c5, \u03b3\u03b9\u03b1 \u03c3\u03cc\u03bb\u03bf \u03cc\u03c1\u03b3\u03b1\u03bd\u03b1, \u03b8\u03c1\u03b7\u03c3\u03ba\u03b5\u03c5\u03c4\u03b9\u03ba\u03ae, \u03b8\u03b5\u03b1\u03c4\u03c1\u03b9\u03ba\u03ae \u03ba\u03b1\u03b9 \u03ba\u03b9\u03bd\u03b7\u03bc\u03b1\u03c4\u03bf\u03b3\u03c1\u03b1\u03c6\u03b9\u03ba\u03ae \u03bc\u03bf\u03c5\u03c3\u03b9\u03ba\u03ae, \u03c4\u03c1\u03b1\u03b3\u03bf\u03cd\u03b4\u03b9\u03b1.","breadcrumb":{"@id":"https:\/\/venetsanos.gr\/el\/#breadcrumb"},"inLanguage":"de-DE","potentialAction":[{"@type":"ReadAction","target":["https:\/\/venetsanos.gr\/el\/"]}]},{"@type":"ImageObject","inLanguage":"de-DE","@id":"https:\/\/venetsanos.gr\/el\/#primaryimage","url":"https:\/\/venetsanos.gr\/wp-content\/uploads\/2018\/01\/pro2.jpg","contentUrl":"https:\/\/venetsanos.gr\/wp-content\/uploads\/2018\/01\/pro2.jpg"},{"@type":"BreadcrumbList","@id":"https:\/\/venetsanos.gr\/el\/#breadcrumb","itemListElement":[{"@type":"ListItem","position":1,"name":"Home","item":"https:\/\/venetsanos.gr\/el\/"},{"@type":"ListItem","position":2,"name":"\u0393\u03b9\u03ce\u03c1\u03b3\u03bf\u03c2 \u0392\u03b5\u03bd\u03b5\u03c4\u03c3\u03ac\u03bd\u03bf\u03c2"}]},{"@type":"WebSite","@id":"https:\/\/venetsanos.gr\/el\/#website","url":"https:\/\/venetsanos.gr\/el\/","name":"George Venetsanos - Greek Composer - Greek Contemporary Music","description":"George Venetsanos - Greek Composer - Greek Contemporary Music","potentialAction":[{"@type":"SearchAction","target":{"@type":"EntryPoint","urlTemplate":"https:\/\/venetsanos.gr\/el\/?s={search_term_string}"},"query-input":{"@type":"PropertyValueSpecification","valueRequired":true,"valueName":"search_term_string"}}],"inLanguage":"de-DE"}]}},"_links":{"self":[{"href":"https:\/\/venetsanos.gr\/de\/wp-json\/wp\/v2\/pages\/76"}],"collection":[{"href":"https:\/\/venetsanos.gr\/de\/wp-json\/wp\/v2\/pages"}],"about":[{"href":"https:\/\/venetsanos.gr\/de\/wp-json\/wp\/v2\/types\/page"}],"author":[{"embeddable":true,"href":"https:\/\/venetsanos.gr\/de\/wp-json\/wp\/v2\/users\/1"}],"replies":[{"embeddable":true,"href":"https:\/\/venetsanos.gr\/de\/wp-json\/wp\/v2\/comments?post=76"}],"version-history":[{"count":117,"href":"https:\/\/venetsanos.gr\/de\/wp-json\/wp\/v2\/pages\/76\/revisions"}],"predecessor-version":[{"id":1903,"href":"https:\/\/venetsanos.gr\/de\/wp-json\/wp\/v2\/pages\/76\/revisions\/1903"}],"wp:attachment":[{"href":"https:\/\/venetsanos.gr\/de\/wp-json\/wp\/v2\/media?parent=76"}],"curies":[{"name":"wp","href":"https:\/\/api.w.org\/{rel}","templated":true}]}}